{"id":353,"date":"2024-03-07T14:03:48","date_gmt":"2024-03-07T14:03:48","guid":{"rendered":"https:\/\/fob.si\/?page_id=353"},"modified":"2024-03-07T14:13:32","modified_gmt":"2024-03-07T14:13:32","slug":"piskotki","status":"publish","type":"page","link":"https:\/\/fob.si\/index.php\/piskotki\/","title":{"rendered":"Pi\u0161kotki"},"content":{"rendered":"\n<p><strong>Izjava o varstvu osebnih podatkov<\/strong><\/p>\n\n\n\n<p>Spletno mesto za svoje nemoteno delovanje uporablja pi\u0161kotke (cookies). Z nadaljnjo uporabo te spletne strani se strinjate z na\u0161o politiko uporabe pi\u0161kotkov. Podatkov, zbranih s pomo\u010djo pi\u0161kotkov ne posredujemo tretjim osebam, slu\u017eijo le za pravilno delovanje spletne strani.<\/p>\n\n\n\n<p><strong>Kaj so pi\u0161kotki?<\/strong><\/p>\n\n\n\n<p>So male besedilne datoteke, ki jih ve\u010dina spletnih mest shrani v naprave, s katerimi uporabniki dostopajo do interneta z namenom prepoznavanja posameznih naprav, ki so jih uporabniki uporabili pri dostopu. Njihovo shranjevanje je pod popolnim nadzorom brskalnika, ki ga ima uporabnik &#8211; ta lahko shranjevanje pi\u0161kotkov po \u017eelji omeji ali onemogo\u010di. Pi\u0161kotki niso \u0161kodljivi in so vedno \u010dasovno omejeni.<\/p>\n\n\n\n<p><strong>Zakaj so pi\u0161kotki potrebni?<\/strong><\/p>\n\n\n\n<p>Pi\u0161kotki so temeljnega pomena za zagotavljanje uporabniku prijaznih spletnih storitev. Najpogostej\u0161e funkcije e-poslovanja ne bi bile mogo\u010de brez pi\u0161kotkov. Interakcija med spletnim uporabnikom in spletno stranjo je s pomo\u010djo pi\u0161kotkov hitrej\u0161a in enostavnej\u0161a. Z njihovo pomo\u010djo si spletna stran zapomni posameznikove preference in izku\u0161nje, s tem je prihranjen \u010das, brskanje po spletnih straneh pa je s tem bolj u\u010dinkovito in prijetno.<\/p>\n\n\n\n<p><strong>Kako se uporabljajo pi\u0161kotki tretjih oseb?<\/strong><\/p>\n\n\n\n<p>Ponudniki nekaterih funkcij na na\u0161ih spletnih mestih so tretje osebe, ki uporabljajo svoje pi\u0161kotke, npr. YouTube, Vimeo, Facebook, Twitter, zemljevid dru\u017ebe Najdi.si, Google Map, Avto.net &#8230;<br>Te vsebine v spletno stran integriramo preko iframe tehnologije, kar pomeni, da uporabniku s tehni\u010dnega vidika serviramo vsebine tretjih strani znotraj na\u0161e strani. Zelo verjetno je, da vam bodo te strani namestile svoje pi\u0161kotke.<br>\u010ce \u017eelite informacije o tem, kako tretje osebe uporabljajo pi\u0161kotke, preverite pravilnike na njihovih spletnih mestih. Z uporabo na\u0161e spletne strani se strinjate, da na va\u0161o napravo namestimo to vrsto pi\u0161kotkov.<\/p>\n\n\n\n<p><strong>Katere pi\u0161kotke uporablja na\u0161a spletna stran?<\/strong><\/p>\n\n\n\n<figure class=\"wp-block-table\"><table><tbody><tr><td><strong>Ime pi\u0161kotka<\/strong><\/td><td><strong>Namen<\/strong><\/td><td><strong>Trajanje<\/strong><\/td><td><strong>Upravljalec<\/strong><\/td><\/tr><tr><td colspan=\"4\"><strong>Nujno potrebni pi\u0161kotki<\/strong><\/td><\/tr><tr><td>58f6929e134a6e5d28356665326faed0<\/td><td>Sejni pi\u0161kotek, ki je nujen za delovanje sistema za urejanje in prikaz vsebin.<\/td><td>do konca seje<\/td><td>Lastni pi\u0161kotek<\/td><\/tr><tr><td colspan=\"4\"><strong>Pi\u0161kotki spletne trgovine<\/strong><\/td><\/tr><tr><td>virtuemart<\/td><td>Pi\u0161kotek se uporablja, da si spletna trgovina lahko zapomni izdelke v va\u0161i ko\u0161arici.<\/td><td>do konca seje<\/td><td>Lastni pi\u0161kotek<\/td><\/tr><tr><td colspan=\"4\"><strong>Pi\u0161kotki za Youtube videoposnetke<\/strong><\/td><\/tr><tr><td>HSID, SSID, APISID, SAPISID,&nbsp; VISITOR_INFO1_LIVE, demographics, use_hitbox, YSC, LOGIN_INFO, SID, PREF<\/td><td>Pi\u0161kotki omogo\u010dajo prikazovanje klju\u010dnih funkcionalnosti Youtube videoposnetkov. Uporabljajo se izklju\u010dno na straneh, kjer se prikazujejo Youtube videoposnetki.<\/td><td>do 10 let<\/td><td>Google<\/td><\/tr><tr><td colspan=\"4\"><strong>Pi\u0161kotki za Najdi.si zemljevide<\/strong><\/td><\/tr><tr><td>JSESSIONID, MAdUTCID, _ns_zemljevid_map_type, chkcookie<\/td><td>Pi\u0161kotki omogo\u010dajo pravilno delovanje zemljevida Najdi.si.<\/td><td>do 2 leti<\/td><td>Najdi.si<\/td><\/tr><tr><td>__utma, __utmb, __utmc, __utmz.<\/td><td>S pomo\u010djo teh pi\u0161kotkov lahko preko Google Analytics \u0161tejejo, koliko obiskov ima na\u0161a posredni\u0161ka stran brez prepoznavanja posameznih obiskovalcev.<\/td><td>do 2 leti<\/td><td>Najdi.si<\/td><\/tr><tr><td colspan=\"4\"><strong>Pi\u0161kotki za Facebook vti\u010dnike<\/strong><\/td><\/tr><tr><td>act, c_user, csm, datr, fr, lu, p, presence, sub, s, xs,&#8230;<\/td><td>Pi\u0161kotki za pravilno delovanje Facebook vti\u010dnikov, ki omogo\u010dajo v\u0161e\u010dkanje in deljenje vsebin.<\/td><td>do 2 leti<\/td><td>Facebook<\/td><\/tr><\/tbody><\/table><\/figure>\n\n\n\n<p><strong>Kako lahko zavrnem in izbri\u0161em pi\u0161kotke?<\/strong><\/p>\n\n\n\n<p>\u010ce ne \u017eelite uporabljati pi\u0161kotkov, nastavite svoj ra\u010dunalnik tako, da izbri\u0161e vse pi\u0161kotke spletnih strani in\/ali vas opozori, preden se pi\u0161kotek shrani na disk.<br>\u010ce pi\u0161kotke izklju\u010dite, bodo nekatere mo\u017enosti spletne strani onemogo\u010dene.<\/p>\n\n\n\n<p>Navodila za brisanje ali zavra\u010danje pi\u0161kotkov ter dodatne informacije o pi\u0161kotkih na splo\u0161no so na voljo tudi na spletnem mestu\u00a0www.allaboutcookies.org. Informacije o uporabi pi\u0161kotkov v brskalnikih mobilnih telefonov ter navodila, kako zavrniti ali izbrisati te pi\u0161kotke, boste na\u0161li v priro\u010dniku za uporabo mobilne naprave.<\/p>\n\n\n\n<p>Za informacije o nastavitvah za pi\u0161kotke izberite spletni brskalnik, ki ga uporabljate.<\/p>\n\n\n\n<ul class=\"wp-block-list\">\n<li>Microsoft Edge<\/li>\n\n\n\n<li>Google Chrome<\/li>\n\n\n\n<li>Mozilla Firefox<\/li>\n\n\n\n<li>Opera\u00a0(stran v angle\u0161kem jeziku)<\/li>\n\n\n\n<li>Safari\u00a0(stran v angle\u0161kem jeziku)<\/li>\n<\/ul>\n","protected":false},"excerpt":{"rendered":"<p>Izjava o varstvu osebnih podatkov Spletno mesto za svoje nemoteno delovanje uporablja pi\u0161kotke (cookies). Z nadaljnjo uporabo te spletne strani se strinjate z na\u0161o politiko uporabe pi\u0161kotkov. Podatkov, zbranih s pomo\u010djo pi\u0161kotkov ne posredujemo tretjim osebam, slu\u017eijo le za pravilno delovanje spletne strani. Kaj so pi\u0161kotki? So male besedilne datoteke, ki jih ve\u010dina spletnih mest [&hellip;]<\/p>\n","protected":false},"author":1,"featured_media":0,"parent":0,"menu_order":0,"comment_status":"closed","ping_status":"closed","template":"","meta":{"_et_pb_use_builder":"off","_et_pb_old_content":"","_et_gb_content_width":"1080","footnotes":""},"class_list":["post-353","page","type-page","status-publish","hentry"],"_links":{"self":[{"href":"https:\/\/fob.si\/index.php\/wp-json\/wp\/v2\/pages\/353","targetHints":{"allow":["GET"]}}],"collection":[{"href":"https:\/\/fob.si\/index.php\/wp-json\/wp\/v2\/pages"}],"about":[{"href":"https:\/\/fob.si\/index.php\/wp-json\/wp\/v2\/types\/page"}],"author":[{"embeddable":true,"href":"https:\/\/fob.si\/index.php\/wp-json\/wp\/v2\/users\/1"}],"replies":[{"embeddable":true,"href":"https:\/\/fob.si\/index.php\/wp-json\/wp\/v2\/comments?post=353"}],"version-history":[{"count":4,"href":"https:\/\/fob.si\/index.php\/wp-json\/wp\/v2\/pages\/353\/revisions"}],"predecessor-version":[{"id":358,"href":"https:\/\/fob.si\/index.php\/wp-json\/wp\/v2\/pages\/353\/revisions\/358"}],"wp:attachment":[{"href":"https:\/\/fob.si\/index.php\/wp-json\/wp\/v2\/media?parent=353"}],"curies":[{"name":"wp","href":"https:\/\/api.w.org\/{rel}","templated":true}]}}