{"id":18,"date":"2024-02-15T09:41:43","date_gmt":"2024-02-15T09:41:43","guid":{"rendered":"https:\/\/fob.si\/?page_id=18"},"modified":"2026-04-02T10:19:13","modified_gmt":"2026-04-02T10:19:13","slug":"domov","status":"publish","type":"page","link":"https:\/\/fob.si\/","title":{"rendered":"Domov"},"content":{"rendered":"<p>[et_pb_section fb_built=&#8221;1&#8243; module_id=&#8221;katalog&#8221; _builder_version=&#8221;4.20.4&#8243; _module_preset=&#8221;default&#8221; custom_padding=&#8221;||50px|||&#8221; global_colors_info=&#8221;{}&#8221;][et_pb_row admin_label=&#8221;CTA Row&#8221; _builder_version=&#8221;4.16&#8243; global_colors_info=&#8221;{}&#8221;][et_pb_column type=&#8221;4_4&#8243; _builder_version=&#8221;4.16&#8243; custom_padding=&#8221;|||&#8221; global_colors_info=&#8221;{}&#8221; custom_padding__hover=&#8221;|||&#8221;][et_pb_text _builder_version=&#8221;4.20.4&#8243; _module_preset=&#8221;default&#8221; text_font=&#8221;Nunito Sans||||||||&#8221; text_text_color=&#8221;#959baf&#8221; text_font_size=&#8221;18px&#8221; text_line_height=&#8221;1.8em&#8221; header_font=&#8221;Nunito Sans|700|||||||&#8221; header_text_color=&#8221;#535b7c&#8221; header_font_size=&#8221;42px&#8221; global_colors_info=&#8221;{}&#8221;]<\/p>\n<h1 style=\"text-align: center;\">Prodajni katalog<\/h1>\n<p style=\"text-align: justify;\">[\/et_pb_text][\/et_pb_column][\/et_pb_row][et_pb_row column_structure=&#8221;1_3,1_3,1_3&#8243; disabled_on=&#8221;on|off|off&#8221; _builder_version=&#8221;4.20.4&#8243; _module_preset=&#8221;default&#8221; global_colors_info=&#8221;{}&#8221;][et_pb_column type=&#8221;1_3&#8243; _builder_version=&#8221;4.20.4&#8243; _module_preset=&#8221;default&#8221; global_colors_info=&#8221;{}&#8221;][\/et_pb_column][et_pb_column type=&#8221;1_3&#8243; _builder_version=&#8221;4.20.4&#8243; _module_preset=&#8221;default&#8221; global_colors_info=&#8221;{}&#8221;][et_pb_team_member name=&#8221;Prodajni katalog&#8221; image_url=&#8221;https:\/\/fob.si\/wp-content\/uploads\/2024\/03\/prodajni-katalog.png&#8221; _builder_version=&#8221;4.20.4&#8243; _module_preset=&#8221;default&#8221; header_level=&#8221;h1&#8243; header_font=&#8221;|700|||||||&#8221; header_text_align=&#8221;center&#8221; header_font_size=&#8221;25px&#8221; body_text_align=&#8221;center&#8221; body_font_size=&#8221;18px&#8221; custom_margin=&#8221;||||false|false&#8221; custom_padding=&#8221;40px|20px|45px|20px|false|false&#8221; link_option_url=&#8221;https:\/\/fob.si\/wp-content\/uploads\/2026\/04\/Prodajni_katalog_FOB_april_2026.pdf&#8221; link_option_url_new_window=&#8221;on&#8221; hover_enabled=&#8221;0&#8243; border_radii=&#8221;on|4px|4px|4px|4px&#8221; border_color_all=&#8221;#02a1e3&#8243; border_width_top=&#8221;4px&#8221; box_shadow_style=&#8221;preset2&#8243; global_colors_info=&#8221;{}&#8221; sticky_enabled=&#8221;0&#8243;]<\/p>\n<p>Prenesi prodajni katalog<\/p>\n<p>[\/et_pb_team_member][\/et_pb_column][et_pb_column type=&#8221;1_3&#8243; _builder_version=&#8221;4.20.4&#8243; _module_preset=&#8221;default&#8221; global_colors_info=&#8221;{}&#8221;][\/et_pb_column][\/et_pb_row][et_pb_row disabled_on=&#8221;off|on|on&#8221; _builder_version=&#8221;4.20.4&#8243; _module_preset=&#8221;default&#8221; global_colors_info=&#8221;{}&#8221;][et_pb_column type=&#8221;4_4&#8243; _builder_version=&#8221;4.20.4&#8243; _module_preset=&#8221;default&#8221; global_colors_info=&#8221;{}&#8221;][et_pb_team_member name=&#8221;Prodajni katalog&#8221; image_url=&#8221;https:\/\/fob.si\/wp-content\/uploads\/2024\/03\/prodajni-katalog.png&#8221; _builder_version=&#8221;4.20.4&#8243; _module_preset=&#8221;default&#8221; header_level=&#8221;h1&#8243; header_font=&#8221;|700|||||||&#8221; header_text_align=&#8221;center&#8221; header_font_size=&#8221;25px&#8221; body_text_align=&#8221;center&#8221; body_font_size=&#8221;18px&#8221; custom_margin=&#8221;||||false|false&#8221; custom_padding=&#8221;40px|20px|45px|20px|false|false&#8221; link_option_url=&#8221;https:\/\/fob.si\/wp-content\/uploads\/2026\/04\/Prodajni_katalog_FOB_april_2026.pdf&#8221; link_option_url_new_window=&#8221;on&#8221; hover_enabled=&#8221;0&#8243; border_radii=&#8221;on|4px|4px|4px|4px&#8221; border_color_all=&#8221;#02a1e3&#8243; border_width_top=&#8221;4px&#8221; box_shadow_style=&#8221;preset2&#8243; global_colors_info=&#8221;{}&#8221; sticky_enabled=&#8221;0&#8243;]<\/p>\n<p>Prenesi prodajni katalog<\/p>\n<p>[\/et_pb_team_member][\/et_pb_column][\/et_pb_row][\/et_pb_section][et_pb_section fb_built=&#8221;1&#8243; module_id=&#8221;program&#8221; _builder_version=&#8221;4.20.4&#8243; _module_preset=&#8221;default&#8221; custom_padding=&#8221;50px||50px|||&#8221; global_colors_info=&#8221;{}&#8221;][et_pb_row admin_label=&#8221;CTA Row&#8221; _builder_version=&#8221;4.16&#8243; global_colors_info=&#8221;{}&#8221;][et_pb_column type=&#8221;4_4&#8243; _builder_version=&#8221;4.16&#8243; custom_padding=&#8221;|||&#8221; global_colors_info=&#8221;{}&#8221; custom_padding__hover=&#8221;|||&#8221;][et_pb_text _builder_version=&#8221;4.20.4&#8243; _module_preset=&#8221;default&#8221; text_font=&#8221;Nunito Sans||||||||&#8221; text_text_color=&#8221;#959baf&#8221; text_font_size=&#8221;18px&#8221; text_line_height=&#8221;1.8em&#8221; header_font=&#8221;Nunito Sans|700|||||||&#8221; header_text_color=&#8221;#535b7c&#8221; header_font_size=&#8221;42px&#8221; global_colors_info=&#8221;{}&#8221;]<\/p>\n<h1 style=\"text-align: center;\">Prodajni program<\/h1>\n<p style=\"text-align: justify;\">[\/et_pb_text][\/et_pb_column][\/et_pb_row][et_pb_row column_structure=&#8221;1_3,1_3,1_3&#8243; _builder_version=&#8221;4.20.4&#8243; _module_preset=&#8221;default&#8221; global_colors_info=&#8221;{}&#8221;][et_pb_column type=&#8221;1_3&#8243; _builder_version=&#8221;4.20.4&#8243; _module_preset=&#8221;default&#8221; global_colors_info=&#8221;{}&#8221;][et_pb_team_member name=&#8221;EMMETI&#8221; image_url=&#8221;https:\/\/fob.si\/wp-content\/uploads\/2024\/03\/gerpex.png&#8221; _builder_version=&#8221;4.20.4&#8243; _module_preset=&#8221;default&#8221; header_level=&#8221;h1&#8243; header_font=&#8221;|700|||||||&#8221; header_text_align=&#8221;center&#8221; header_font_size=&#8221;25px&#8221; body_text_align=&#8221;center&#8221; body_font_size=&#8221;18px&#8221; custom_padding=&#8221;0px||35px||false|false&#8221; link_option_url=&#8221;https:\/\/emmeti.com\/it\/prodotti\/termoidraulica\/gerpex-alpert-gaspex-sistemi-di-distribuzione-multistrato-per-acqua-e-gas&#8221; link_option_url_new_window=&#8221;on&#8221; border_radii=&#8221;on|4px|4px|4px|4px&#8221; border_color_all=&#8221;#02a1e3&#8243; border_width_top=&#8221;4px&#8221; box_shadow_style=&#8221;preset2&#8243; global_colors_info=&#8221;{}&#8221;]<\/p>\n<p>Aluplast cevi in spojni kosi za zatiskanje Gerpex<\/p>\n<p>[\/et_pb_team_member][\/et_pb_column][et_pb_column type=&#8221;1_3&#8243; _builder_version=&#8221;4.20.4&#8243; _module_preset=&#8221;default&#8221; global_colors_info=&#8221;{}&#8221;][et_pb_team_member name=&#8221;FRABO&#8221; image_url=&#8221;https:\/\/fob.si\/wp-content\/uploads\/2024\/03\/frabo.png&#8221; _builder_version=&#8221;4.20.4&#8243; _module_preset=&#8221;default&#8221; header_font=&#8221;|700|||||||&#8221; header_text_align=&#8221;center&#8221; header_font_size=&#8221;25px&#8221; body_text_align=&#8221;center&#8221; body_font_size=&#8221;18px&#8221; custom_margin=&#8221;||||false|false&#8221; custom_padding=&#8221;||35px||false|false&#8221; link_option_url=&#8221;https:\/\/www.frabo.com\/en\/products?families%5B0%5D=11838&#038;series%5B0%5D=6213&#038;page=1&#8243; link_option_url_new_window=&#8221;on&#8221; border_radii=&#8221;on|4px|4px|4px|4px&#8221; border_width_top=&#8221;4px&#8221; border_color_top=&#8221;#02a1e3&#8243; box_shadow_style=&#8221;preset2&#8243; global_colors_info=&#8221;{}&#8221;]<\/p>\n<p>Cevi iz ogljikovega jekla in spojni<br \/>kosi za zatiskanje<\/p>\n<p>[\/et_pb_team_member][\/et_pb_column][et_pb_column type=&#8221;1_3&#8243; _builder_version=&#8221;4.20.4&#8243; _module_preset=&#8221;default&#8221; global_colors_info=&#8221;{}&#8221;][et_pb_team_member name=&#8221;FIV&#8221; image_url=&#8221;https:\/\/fob.si\/wp-content\/uploads\/2024\/03\/fivzdruzeno.png&#8221; _builder_version=&#8221;4.20.4&#8243; _module_preset=&#8221;default&#8221; header_font=&#8221;|700|||||||&#8221; header_text_align=&#8221;center&#8221; header_font_size=&#8221;25px&#8221; body_text_align=&#8221;center&#8221; body_font_size=&#8221;18px&#8221; custom_padding=&#8221;||35px||false|false&#8221; link_option_url=&#8221; https:\/\/fiv.it\/it\/prodotti\/riscaldamento\/componenti-per-centrale-termica&#8221; link_option_url_new_window=&#8221;on&#8221; border_radii=&#8221;on|4px|4px|4px|4px&#8221; border_width_top=&#8221;4px&#8221; border_color_top=&#8221;#02a1e3&#8243; box_shadow_style=&#8221;preset2&#8243; global_colors_info=&#8221;{}&#8221;]<\/p>\n<p>Krogelni ventili in fleksibilne<br \/>cevi FIV<\/p>\n<p>[\/et_pb_team_member][\/et_pb_column][\/et_pb_row][et_pb_row column_structure=&#8221;1_3,1_3,1_3&#8243; _builder_version=&#8221;4.20.4&#8243; _module_preset=&#8221;default&#8221; global_colors_info=&#8221;{}&#8221;][et_pb_column type=&#8221;1_3&#8243; _builder_version=&#8221;4.20.4&#8243; _module_preset=&#8221;default&#8221; global_colors_info=&#8221;{}&#8221;][et_pb_team_member name=&#8221;UNIDELTA&#8221; image_url=&#8221;https:\/\/fob.si\/wp-content\/uploads\/2024\/03\/unidelta.png&#8221; _builder_version=&#8221;4.20.4&#8243; _module_preset=&#8221;default&#8221; header_font=&#8221;|700|||||||&#8221; header_text_align=&#8221;center&#8221; header_font_size=&#8221;25px&#8221; body_text_align=&#8221;center&#8221; body_font_size=&#8221;18px&#8221; custom_padding=&#8221;25px||35px||false|false&#8221; link_option_url=&#8221;https:\/\/www.unidelta.com\/en\/compression-fittings\/&#8221; link_option_url_new_window=&#8221;on&#8221; border_radii=&#8221;on|4px|4px|4px|4px&#8221; border_width_top=&#8221;4px&#8221; border_color_top=&#8221;#02a1e3&#8243; box_shadow_style=&#8221;preset2&#8243; global_colors_info=&#8221;{}&#8221;]<\/p>\n<p>Spojke za Alkaten cev Unidelta<\/p>\n<p>[\/et_pb_team_member][\/et_pb_column][et_pb_column type=&#8221;1_3&#8243; _builder_version=&#8221;4.20.4&#8243; _module_preset=&#8221;default&#8221; global_colors_info=&#8221;{}&#8221;][et_pb_team_member name=&#8221;VALERI&#8221; image_url=&#8221;https:\/\/fob.si\/wp-content\/uploads\/2024\/03\/valeri.png&#8221; _builder_version=&#8221;4.20.4&#8243; _module_preset=&#8221;default&#8221; header_level=&#8221;h1&#8243; header_font=&#8221;|700|||||||&#8221; header_text_align=&#8221;center&#8221; header_font_size=&#8221;25px&#8221; body_text_align=&#8221;center&#8221; body_font_size=&#8221;18px&#8221; custom_padding=&#8221;25px||35px||false|false&#8221; link_option_url=&#8221;https:\/\/www.valerisrl.it\/categoria_prodotto.php?id=31&#038;root_art=ASPIRATORE&#8221; link_option_url_new_window=&#8221;on&#8221; border_radii=&#8221;on|4px|4px|4px|4px&#8221; border_color_all=&#8221;#02a1e3&#8243; border_width_top=&#8221;4px&#8221; box_shadow_style=&#8221;preset2&#8243; global_colors_info=&#8221;{}&#8221;]<\/p>\n<p>Vrtljive dimne kape Valeri<\/p>\n<p>[\/et_pb_team_member][\/et_pb_column][et_pb_column type=&#8221;1_3&#8243; _builder_version=&#8221;4.20.4&#8243; _module_preset=&#8221;default&#8221; global_colors_info=&#8221;{}&#8221;][et_pb_team_member name=&#8221;ALA&#8221; image_url=&#8221;https:\/\/fob.si\/wp-content\/uploads\/2024\/03\/ala1.png&#8221; _builder_version=&#8221;4.20.4&#8243; _module_preset=&#8221;default&#8221; header_font=&#8221;|700|||||||&#8221; header_text_align=&#8221;center&#8221; header_font_size=&#8221;25px&#8221; body_text_align=&#8221;center&#8221; body_font_size=&#8221;18px&#8221; custom_margin=&#8221;||||false|false&#8221; custom_padding=&#8221;25px||35px||false|false&#8221; link_option_url=&#8221; https:\/\/www.ala-spa.it\/en\/?id=aria&#8221; link_option_url_new_window=&#8221;on&#8221; border_radii=&#8221;on|4px|4px|4px|4px&#8221; border_width_top=&#8221;4px&#8221; border_color_top=&#8221;#02a1e3&#8243; box_shadow_style=&#8221;preset2&#8243; global_colors_info=&#8221;{}&#8221;]<\/p>\n<p>Aluminijaste fleksibilne cevi ALA<\/p>\n<p>[\/et_pb_team_member][\/et_pb_column][\/et_pb_row][et_pb_row column_structure=&#8221;1_3,1_3,1_3&#8243; _builder_version=&#8221;4.20.4&#8243; _module_preset=&#8221;default&#8221; global_colors_info=&#8221;{}&#8221;][et_pb_column type=&#8221;1_3&#8243; _builder_version=&#8221;4.20.4&#8243; _module_preset=&#8221;default&#8221; global_colors_info=&#8221;{}&#8221;][et_pb_team_member name=&#8221;IMIT&#8221; image_url=&#8221;https:\/\/fob.si\/wp-content\/uploads\/2024\/03\/imit.png&#8221; _builder_version=&#8221;4.20.4&#8243; _module_preset=&#8221;default&#8221; header_level=&#8221;h1&#8243; header_font=&#8221;|700|||||||&#8221; header_text_align=&#8221;center&#8221; header_font_size=&#8221;25px&#8221; body_text_align=&#8221;center&#8221; body_font_size=&#8221;18px&#8221; custom_padding=&#8221;25px||35px||false|false&#8221; link_option_url=&#8221;https:\/\/www.imit.it\/en\/products\/&#8221; link_option_url_new_window=&#8221;on&#8221; border_radii=&#8221;on|4px|4px|4px|4px&#8221; border_color_all=&#8221;#02a1e3&#8243; border_width_top=&#8221;4px&#8221; box_shadow_style=&#8221;preset2&#8243; global_colors_info=&#8221;{}&#8221;]<\/p>\n<p>Termostati IMIT<\/p>\n<p>[\/et_pb_team_member][\/et_pb_column][et_pb_column type=&#8221;1_3&#8243; _builder_version=&#8221;4.20.4&#8243; _module_preset=&#8221;default&#8221; global_colors_info=&#8221;{}&#8221;][et_pb_team_member name=&#8221;KONVEKTORJI&#8221; image_url=&#8221;https:\/\/fob.si\/wp-content\/uploads\/2024\/03\/konvektorji.png&#8221; _builder_version=&#8221;4.20.4&#8243; _module_preset=&#8221;default&#8221; header_level=&#8221;h1&#8243; header_font=&#8221;|700|||||||&#8221; header_text_align=&#8221;center&#8221; header_font_size=&#8221;25px&#8221; body_text_align=&#8221;center&#8221; body_font_size=&#8221;18px&#8221; custom_padding=&#8221;25px||35px||false|false&#8221; link_option_url=&#8221;https:\/\/emmeti.com\/it\/prodotti\/climatizzazione\/unita-terminali-ad-aria&#8221; link_option_url_new_window=&#8221;on&#8221; border_radii=&#8221;on|4px|4px|4px|4px&#8221; border_color_all=&#8221;#02a1e3&#8243; border_width_top=&#8221;4px&#8221; box_shadow_style=&#8221;preset2&#8243; global_colors_info=&#8221;{}&#8221;]<\/p>\n<p>Konvektorji Emmeti<\/p>\n<p>[\/et_pb_team_member][\/et_pb_column][et_pb_column type=&#8221;1_3&#8243; _builder_version=&#8221;4.20.4&#8243; _module_preset=&#8221;default&#8221; global_colors_info=&#8221;{}&#8221;][\/et_pb_column][\/et_pb_row][\/et_pb_section][et_pb_section fb_built=&#8221;1&#8243; admin_label=&#8221;Features&#8221; module_id=&#8221;opodjetju&#8221; _builder_version=&#8221;4.20.4&#8243; background_color=&#8221;#f5f5f5&#8243; custom_padding=&#8221;0px|0px|100px|0px||&#8221; global_colors_info=&#8221;{}&#8221;][et_pb_row admin_label=&#8221;Tittle&#8221; _builder_version=&#8221;4.16&#8243; custom_padding=&#8221;49px||2px|||&#8221; global_colors_info=&#8221;{}&#8221;][et_pb_column type=&#8221;4_4&#8243; _builder_version=&#8221;4.16&#8243; custom_padding=&#8221;|||&#8221; global_colors_info=&#8221;{}&#8221; custom_padding__hover=&#8221;|||&#8221;][et_pb_text _builder_version=&#8221;4.20.4&#8243; _module_preset=&#8221;default&#8221; text_font=&#8221;Nunito Sans||||||||&#8221; text_text_color=&#8221;#959baf&#8221; text_font_size=&#8221;18px&#8221; text_line_height=&#8221;1.8em&#8221; header_font=&#8221;Nunito Sans|700|||||||&#8221; header_text_color=&#8221;#535b7c&#8221; header_font_size=&#8221;42px&#8221; global_colors_info=&#8221;{}&#8221;]<\/p>\n<h1 style=\"text-align: center;\">O podjetju<\/h1>\n<p><strong>Podjetje FOB<\/strong>\u00a0je bilo ustanovljeno leta 1993. Sprva smo poslovali na dveh lokacijah, v Ajdov\u0161\u010dini in Novi Gorici, leta 2000 pa smo se preselili v nove poslovne prostore v Vipavi (obrtna cona FARMA Vipava), ki se nahajajo tik ob izhodu Vipava iz avtoceste Nova Gorica \u2013 Ljubljana. Na\u0161a osnovna dejavnost je veleprodaja in\u0161talacijskega materiala za vodovod in ogrevanje.<\/p>\n<p>Vse od ustanovitve si prizadevamo za to, da bi v svoji ponudbi in\u0161talacijskega materiala zastopali predvsem priznane in uveljavljene proizvajalce, kot so Emmeti, Frabo, Imit \u00a0in druge. Kljub temu, da se je v zadnjih letih ve\u010dina na\u0161ih konkurentov preusmerila v iskanje nizko-cenovnih izdelkov, smo se v na\u0161em podjetju odlo\u010dili, da bomo ostali zvesti na\u0161i osnovni usmeritvi in \u0161e naprej zastopali uveljavljene evropske in predvsem italijanske proizvajalce.<\/p>\n<p style=\"text-align: justify;\">[\/et_pb_text][et_pb_image src=&#8221;https:\/\/fob.si\/wp-content\/uploads\/2024\/02\/Fob_vipava.jpg&#8221; title_text=&#8221;Fob_vipava&#8221; align=&#8221;center&#8221; _builder_version=&#8221;4.20.4&#8243; _module_preset=&#8221;default&#8221; custom_margin=&#8221;||9px|||&#8221; global_colors_info=&#8221;{}&#8221;][\/et_pb_image][\/et_pb_column][\/et_pb_row][et_pb_row _builder_version=&#8221;4.20.4&#8243; _module_preset=&#8221;default&#8221; global_colors_info=&#8221;{}&#8221;][et_pb_column type=&#8221;4_4&#8243; _builder_version=&#8221;4.20.4&#8243; _module_preset=&#8221;default&#8221; global_colors_info=&#8221;{}&#8221;][et_pb_text _builder_version=&#8221;4.20.4&#8243; _module_preset=&#8221;default&#8221; text_font=&#8221;Nunito Sans||||||||&#8221; text_text_color=&#8221;#959baf&#8221; text_font_size=&#8221;18px&#8221; text_line_height=&#8221;1.8em&#8221; header_font=&#8221;Nunito Sans|700|||||||&#8221; header_text_color=&#8221;#535b7c&#8221; header_font_size=&#8221;35px&#8221; custom_padding=&#8221;||0px|||&#8221; global_colors_info=&#8221;{}&#8221;]<\/p>\n<p style=\"text-align: center;\">Vrednote, ki jih sledimo pri na\u0161em poslovanju so:<\/p>\n<p>&nbsp;<\/p>\n<p style=\"text-align: justify;\">[\/et_pb_text][\/et_pb_column][\/et_pb_row][et_pb_row column_structure=&#8221;1_3,1_3,1_3&#8243; use_custom_gutter=&#8221;on&#8221; gutter_width=&#8221;2&#8243; admin_label=&#8221;Features Row&#8221; _builder_version=&#8221;4.16&#8243; custom_padding=&#8221;0px|||||&#8221; global_colors_info=&#8221;{}&#8221;][et_pb_column type=&#8221;1_3&#8243; _builder_version=&#8221;4.16&#8243; background_color_gradient_direction=&#8221;243deg&#8221; background_color_gradient_start=&#8221;#3D72E7&#8243; background_color_gradient_end=&#8221;#53a0fe&#8221; custom_padding=&#8221;|||&#8221; global_colors_info=&#8221;{}&#8221; custom_padding__hover=&#8221;|||&#8221;][et_pb_blurb use_icon=&#8221;on&#8221; font_icon=&#8221;&#xe0e6;||divi||400&#8243; icon_color=&#8221;#02a1e3&#8243; image_icon_width=&#8221;45px&#8221; _builder_version=&#8221;4.20.4&#8243; header_font=&#8221;Nunito Sans|600|||||||&#8221; header_text_color=&#8221;#535b7c&#8221; header_line_height=&#8221;1.4em&#8221; body_font=&#8221;Nunito Sans||||||||&#8221; body_text_color=&#8221;#959baf&#8221; body_font_size=&#8221;16px&#8221; text_orientation=&#8221;center&#8221; custom_margin=&#8221;|||&#8221; custom_padding=&#8221;60px||60px|&#8221; border_radii=&#8221;on|4px|4px|4px|4px&#8221; border_width_top=&#8221;6px&#8221; border_color_top=&#8221;#02a1e3&#8243; box_shadow_style=&#8221;preset3&#8243; icon_font_size=&#8221;32px&#8221; global_colors_info=&#8221;{}&#8221;]<\/p>\n<p>Ohranjanje istih, kvalitetnih prodajnih programov<\/p>\n<p>[\/et_pb_blurb][\/et_pb_column][et_pb_column type=&#8221;1_3&#8243; _builder_version=&#8221;4.16&#8243; background_color_gradient_direction=&#8221;243deg&#8221; background_color_gradient_start=&#8221;#3D72E7&#8243; background_color_gradient_end=&#8221;#53a0fe&#8221; custom_padding=&#8221;|||&#8221; global_colors_info=&#8221;{}&#8221; custom_padding__hover=&#8221;|||&#8221;][et_pb_blurb use_icon=&#8221;on&#8221; font_icon=&#8221;&#xf48b;||fa||900&#8243; icon_color=&#8221;#02a1e3&#8243; image_icon_width=&#8221;45px&#8221; _builder_version=&#8221;4.20.4&#8243; header_font=&#8221;Nunito Sans|600|||||||&#8221; header_text_color=&#8221;#535b7c&#8221; header_line_height=&#8221;1.4em&#8221; body_font=&#8221;Nunito Sans||||||||&#8221; body_text_color=&#8221;#959baf&#8221; body_font_size=&#8221;16px&#8221; text_orientation=&#8221;center&#8221; custom_margin=&#8221;|||&#8221; custom_padding=&#8221;60px||60px|&#8221; border_radii=&#8221;on|4px|4px|4px|4px&#8221; border_width_top=&#8221;6px&#8221; border_color_top=&#8221;#02a1e3&#8243; box_shadow_style=&#8221;preset3&#8243; icon_font_size=&#8221;32px&#8221; global_colors_info=&#8221;{}&#8221;]<\/p>\n<p>Hitra odzivnost ter neverjetno hitra dobava blaga<\/p>\n<p>[\/et_pb_blurb][\/et_pb_column][et_pb_column type=&#8221;1_3&#8243; _builder_version=&#8221;4.16&#8243; background_color_gradient_direction=&#8221;243deg&#8221; background_color_gradient_start=&#8221;#3D72E7&#8243; background_color_gradient_end=&#8221;#53A0FE&#8221; custom_padding=&#8221;|||&#8221; global_colors_info=&#8221;{}&#8221; custom_padding__hover=&#8221;|||&#8221;][et_pb_blurb use_icon=&#8221;on&#8221; font_icon=&#8221;&#xf2b5;||fa||400&#8243; icon_color=&#8221;#02a1e3&#8243; image_icon_width=&#8221;45px&#8221; _builder_version=&#8221;4.20.4&#8243; header_font=&#8221;Nunito Sans|600|||||||&#8221; header_text_color=&#8221;#535b7c&#8221; header_line_height=&#8221;1.4em&#8221; body_font=&#8221;Nunito Sans||||||||&#8221; body_text_color=&#8221;#959baf&#8221; body_font_size=&#8221;16px&#8221; text_orientation=&#8221;center&#8221; custom_margin=&#8221;|||&#8221; custom_padding=&#8221;60px||60px|&#8221; border_radii=&#8221;on|4px|4px|4px|4px&#8221; border_width_top=&#8221;6px&#8221; border_color_top=&#8221;#02a1e3&#8243; box_shadow_style=&#8221;preset3&#8243; icon_font_size=&#8221;32px&#8221; global_colors_info=&#8221;{}&#8221;]<\/p>\n<p>Prijazen in razumevajo\u010d odnos z na\u0161imi partnerji (tako dobavitelji kot tudi kupci)<\/p>\n<p>[\/et_pb_blurb][\/et_pb_column][\/et_pb_row][\/et_pb_section][et_pb_section fb_built=&#8221;1&#8243; module_id=&#8221;kontakt&#8221; _builder_version=&#8221;4.20.4&#8243; _module_preset=&#8221;default&#8221; background_color=&#8221;#02a1e3&#8243; custom_padding=&#8221;52px|||||&#8221; global_colors_info=&#8221;{}&#8221;][et_pb_row _builder_version=&#8221;4.20.4&#8243; _module_preset=&#8221;default&#8221; global_colors_info=&#8221;{}&#8221;][et_pb_column type=&#8221;4_4&#8243; _builder_version=&#8221;4.20.4&#8243; _module_preset=&#8221;default&#8221; global_colors_info=&#8221;{}&#8221;][et_pb_text _builder_version=&#8221;4.20.4&#8243; _module_preset=&#8221;default&#8221; header_font=&#8221;Nunito Sans|700|||||||&#8221; header_text_color=&#8221;#FFFFFF&#8221; header_font_size=&#8221;42px&#8221; global_colors_info=&#8221;{}&#8221;]<\/p>\n<h1 style=\"text-align: center;\">Stopite v stik z nami<\/h1>\n<p>[\/et_pb_text][\/et_pb_column][\/et_pb_row][\/et_pb_section][et_pb_section fb_built=&#8221;1&#8243; fullwidth=&#8221;on&#8221; _builder_version=&#8221;4.20.4&#8243; _module_preset=&#8221;default&#8221; global_colors_info=&#8221;{}&#8221;][et_pb_fullwidth_code _builder_version=&#8221;4.20.4&#8243; _module_preset=&#8221;default&#8221; global_colors_info=&#8221;{}&#8221;]<iframe src=\"https:\/\/www.google.com\/maps\/embed?pb=!1m18!1m12!1m3!1d2337.48703680265!2d13.951157638714669!3d45.83616272870319!2m3!1f0!2f0!3f0!3m2!1i1024!2i768!4f13.1!3m3!1m2!1s0x477b2299345c6c81%3A0x8adb4d5a76bf6510!2sGori%C5%A1ka%20cesta%205c%2C%205271%20Vipava!5e0!3m2!1sen!2ssi!4v1708697733184!5m2!1sen!2ssi\" width=\"100%\" height=\"450\" style=\"border:0;\" allowfullscreen=\"\" loading=\"lazy\" referrerpolicy=\"no-referrer-when-downgrade\"><\/iframe>[\/et_pb_fullwidth_code][\/et_pb_section]<\/p>\n","protected":false},"excerpt":{"rendered":"<p>Prodajni katalog Prenesi prodajni katalogPrenesi prodajni katalogProdajni program Aluplast cevi in spojni kosi za zatiskanje GerpexCevi iz ogljikovega jekla in spojnikosi za zatiskanjeKrogelni ventili in fleksibilnecevi FIVSpojke za Alkaten cev UnideltaVrtljive dimne kape ValeriAluminijaste fleksibilne cevi ALATermostati IMITKonvektorji EmmetiO podjetju Podjetje FOB\u00a0je bilo ustanovljeno leta 1993. Sprva smo poslovali na dveh lokacijah, v Ajdov\u0161\u010dini in [&hellip;]<\/p>\n","protected":false},"author":1,"featured_media":0,"parent":0,"menu_order":0,"comment_status":"closed","ping_status":"closed","template":"","meta":{"_et_pb_use_builder":"on","_et_pb_old_content":"","_et_gb_content_width":"","footnotes":""},"class_list":["post-18","page","type-page","status-publish","hentry"],"_links":{"self":[{"href":"https:\/\/fob.si\/index.php\/wp-json\/wp\/v2\/pages\/18","targetHints":{"allow":["GET"]}}],"collection":[{"href":"https:\/\/fob.si\/index.php\/wp-json\/wp\/v2\/pages"}],"about":[{"href":"https:\/\/fob.si\/index.php\/wp-json\/wp\/v2\/types\/page"}],"author":[{"embeddable":true,"href":"https:\/\/fob.si\/index.php\/wp-json\/wp\/v2\/users\/1"}],"replies":[{"embeddable":true,"href":"https:\/\/fob.si\/index.php\/wp-json\/wp\/v2\/comments?post=18"}],"version-history":[{"count":114,"href":"https:\/\/fob.si\/index.php\/wp-json\/wp\/v2\/pages\/18\/revisions"}],"predecessor-version":[{"id":423,"href":"https:\/\/fob.si\/index.php\/wp-json\/wp\/v2\/pages\/18\/revisions\/423"}],"wp:attachment":[{"href":"https:\/\/fob.si\/index.php\/wp-json\/wp\/v2\/media?parent=18"}],"curies":[{"name":"wp","href":"https:\/\/api.w.org\/{rel}","templated":true}]}}